{"id":198,"date":"2022-03-16T15:56:02","date_gmt":"2022-03-16T15:56:02","guid":{"rendered":"https:\/\/jugendweihe-bfh.de\/?page_id=198"},"modified":"2022-04-03T21:06:06","modified_gmt":"2022-04-03T21:06:06","slug":"ueber-die-ortsvereinigung","status":"publish","type":"page","link":"https:\/\/jugendweihe-bfh.de\/?page_id=198","title":{"rendered":"\u00dcber die Ortsvereinigung"},"content":{"rendered":"\n<p>Der Verein z\u00e4hlt heute rund 30 Mitglieder. Im Jahr 2012 wurde die Ortsvereinigung mit dem Ehrenamtspreis der Stadt Bad Frankenhausen ausgezeichnet. Mit dem Preis ehrt die Kurstadt j\u00e4hrlich aktive B\u00fcrgerinnen und B\u00fcrger f\u00fcr ihre ehrenamtliche T\u00e4tigkeit in der Stadt.\u00a0Die Laudatio hielt Stadtr\u00e4tin Margit Uthleb. Sie w\u00fcrdigte die Arbeit des Ortsvereins f\u00fcr Jugendweihe e.V. Bad Frankenhausen und die vielen Veranstaltungen f\u00fcr die Jugendlichen. Die Auszeichnung nahm stellvertretend f\u00fcr die Mitglieder Veronika Volkland entgegen.<\/p>\n\n\n\n<p>Um ein erlebnisreiches Jugendweihejahr und insbesondere erinnernswerte Feierstunden auf die Beine zu stellen, k\u00f6nnen wir seit vielen Jahren auf sichtbare Unterst\u00fctzerinnen und Unterst\u00fctzer, aber auch zahlreiche helfende H\u00e4nde im Hintergrund z\u00e4hlen. Daf\u00fcr sind wir sehr dankbar.<\/p>\n\n\n\n<p><strong>Das sind unsere Partner<\/strong><\/p>\n\n\n\n<p>Blumen Elke<br>Foto Bark<br>Freiwillige Feuerwehr Bad Frankenhausen<br>Ingo Naumann<br>Lizzy Pink<br>Lorett Sachs<br>Margarete Wisotzky<br>Stadtverwaltung Bad Frankenhausen<br>Stadtwerke Bad Frankenhausen<\/p>\n","protected":false},"excerpt":{"rendered":"<p>Der Verein z\u00e4hlt heute rund 30 Mitglieder. Im Jahr 2012 wurde die Ortsvereinigung mit dem Ehrenamtspreis der Stadt Bad Frankenhausen ausgezeichnet. Mit dem Preis ehrt die Kurstadt j\u00e4hrlich aktive B\u00fcrgerinnen und B\u00fcrger f\u00fcr ihre ehrenamtliche T\u00e4tigkeit in der Stadt.\u00a0Die Laudatio hielt Stadtr\u00e4tin Margit Uthleb. Sie w\u00fcrdigte die Arbeit des Ortsvereins f\u00fcr Jugendweihe e.V. Bad Frankenhausen [&hellip;]<\/p>\n","protected":false},"author":1,"featured_media":0,"parent":0,"menu_order":0,"comment_status":"closed","ping_status":"closed","template":"","meta":{"footnotes":""},"class_list":["post-198","page","type-page","status-publish","hentry"],"_links":{"self":[{"href":"https:\/\/jugendweihe-bfh.de\/index.php?rest_route=\/wp\/v2\/pages\/198","targetHints":{"allow":["GET"]}}],"collection":[{"href":"https:\/\/jugendweihe-bfh.de\/index.php?rest_route=\/wp\/v2\/pages"}],"about":[{"href":"https:\/\/jugendweihe-bfh.de\/index.php?rest_route=\/wp\/v2\/types\/page"}],"author":[{"embeddable":true,"href":"https:\/\/jugendweihe-bfh.de\/index.php?rest_route=\/wp\/v2\/users\/1"}],"replies":[{"embeddable":true,"href":"https:\/\/jugendweihe-bfh.de\/index.php?rest_route=%2Fwp%2Fv2%2Fcomments&post=198"}],"version-history":[{"count":2,"href":"https:\/\/jugendweihe-bfh.de\/index.php?rest_route=\/wp\/v2\/pages\/198\/revisions"}],"predecessor-version":[{"id":206,"href":"https:\/\/jugendweihe-bfh.de\/index.php?rest_route=\/wp\/v2\/pages\/198\/revisions\/206"}],"wp:attachment":[{"href":"https:\/\/jugendweihe-bfh.de\/index.php?rest_route=%2Fwp%2Fv2%2Fmedia&parent=198"}],"curies":[{"name":"wp","href":"https:\/\/api.w.org\/{rel}","templated":true}]}}